{"id":3426,"date":"2026-01-17T18:23:39","date_gmt":"2026-01-17T17:23:39","guid":{"rendered":"https:\/\/staging.ecommerce.tuttocapsuletools.it\/prodotto\/gusta-bialetti-caffe-gusta-intenso-conf-65-box-1\/"},"modified":"2026-04-06T11:13:39","modified_gmt":"2026-04-06T09:13:39","slug":"gusta-bialetti-caffe-gusta-intenso-conf-65-box-1","status":"publish","type":"product","link":"https:\/\/ecommerce.tuttocapsuletools.it\/fr\/prodotto\/gusta-bialetti-caffe-gusta-intenso-conf-65-box-1\/","title":{"rendered":"Gusta Intenso 65 capsuleBialetti"},"content":{"rendered":"<p>Pour ceux qui recherchent un espresso fort et vigoureux. Ce m\u00e9lange se distingue par sa torr\u00e9faction fonc\u00e9e qui fait ressortir des notes profondes de cacao amer et une cr\u00e8me \u00e9paisse et invitante. Avec le paquet de 65 capsules, vous avez toujours \u00e0 port\u00e9e de main la recharge d&#8217;\u00e9nergie id\u00e9ale pour affronter la journ\u00e9e avec un maximum de go\u00fbt.<\/p>\n","protected":false},"excerpt":{"rendered":"<p>65 Capsules<br \/>\nM\u00e9lange 100% Robusta<br \/>\nTorr\u00e9faction Fonc\u00e9e<br \/>\nCapsules compatibles avec le syst\u00e8me Bialetti<br \/>\nLongueur conseill\u00e9e : 40 ml<\/p>\n","protected":false},"featured_media":17654,"comment_status":"open","ping_status":"closed","template":"","meta":{"_acf_changed":false},"product_brand":[356],"product_cat":[319,320],"product_tag":[],"product_family":[],"product_group":[],"product_class":[],"product_subgroup":[],"product_index":[],"class_list":{"0":"post-3426","1":"product","2":"type-product","3":"status-publish","4":"has-post-thumbnail","6":"product_brand-gusta","7":"product_cat-bia","8":"product_cat-caf","10":"first","11":"instock","12":"shipping-taxable","13":"product-type-simple"},"acf":[],"_links":{"self":[{"href":"https:\/\/ecommerce.tuttocapsuletools.it\/fr\/wp-json\/wp\/v2\/product\/3426","targetHints":{"allow":["GET"]}}],"collection":[{"href":"https:\/\/ecommerce.tuttocapsuletools.it\/fr\/wp-json\/wp\/v2\/product"}],"about":[{"href":"https:\/\/ecommerce.tuttocapsuletools.it\/fr\/wp-json\/wp\/v2\/types\/product"}],"replies":[{"embeddable":true,"href":"https:\/\/ecommerce.tuttocapsuletools.it\/fr\/wp-json\/wp\/v2\/comments?post=3426"}],"wp:featuredmedia":[{"embeddable":true,"href":"https:\/\/ecommerce.tuttocapsuletools.it\/fr\/wp-json\/wp\/v2\/media\/17654"}],"wp:attachment":[{"href":"https:\/\/ecommerce.tuttocapsuletools.it\/fr\/wp-json\/wp\/v2\/media?parent=3426"}],"wp:term":[{"taxonomy":"product_brand","embeddable":true,"href":"https:\/\/ecommerce.tuttocapsuletools.it\/fr\/wp-json\/wp\/v2\/product_brand?post=3426"},{"taxonomy":"product_cat","embeddable":true,"href":"https:\/\/ecommerce.tuttocapsuletools.it\/fr\/wp-json\/wp\/v2\/product_cat?post=3426"},{"taxonomy":"product_tag","embeddable":true,"href":"https:\/\/ecommerce.tuttocapsuletools.it\/fr\/wp-json\/wp\/v2\/product_tag?post=3426"},{"taxonomy":"product_family","embeddable":true,"href":"https:\/\/ecommerce.tuttocapsuletools.it\/fr\/wp-json\/wp\/v2\/product_family?post=3426"},{"taxonomy":"product_group","embeddable":true,"href":"https:\/\/ecommerce.tuttocapsuletools.it\/fr\/wp-json\/wp\/v2\/product_group?post=3426"},{"taxonomy":"product_class","embeddable":true,"href":"https:\/\/ecommerce.tuttocapsuletools.it\/fr\/wp-json\/wp\/v2\/product_class?post=3426"},{"taxonomy":"product_subgroup","embeddable":true,"href":"https:\/\/ecommerce.tuttocapsuletools.it\/fr\/wp-json\/wp\/v2\/product_subgroup?post=3426"},{"taxonomy":"product_index","embeddable":true,"href":"https:\/\/ecommerce.tuttocapsuletools.it\/fr\/wp-json\/wp\/v2\/product_index?post=3426"}],"curies":[{"name":"wp","href":"https:\/\/api.w.org\/{rel}","templated":true}]}}