{"id":3424,"date":"2026-01-17T18:23:38","date_gmt":"2026-01-17T17:23:38","guid":{"rendered":"https:\/\/staging.ecommerce.tuttocapsuletools.it\/prodotto\/gusta-bialetti-caffe-gusta-classico-conf-65-box-1\/"},"modified":"2026-04-06T11:13:38","modified_gmt":"2026-04-06T09:13:38","slug":"gusta-bialetti-caffe-gusta-classico-conf-65-box-1","status":"publish","type":"product","link":"https:\/\/ecommerce.tuttocapsuletools.it\/fr\/prodotto\/gusta-bialetti-caffe-gusta-classico-conf-65-box-1\/","title":{"rendered":"Gusta Classico 65 capsuleBialetti"},"content":{"rendered":"<p>Un m\u00e9lange \u00e9quilibr\u00e9 et harmonieux, con\u00e7u pour ceux qui aiment l&#8217;espresso de la tradition italienne. Caract\u00e9ris\u00e9 par un corps souple et des notes aromatiques de c\u00e9r\u00e9ales toast\u00e9es, c&#8217;est le caf\u00e9 parfait pour tout moment de la journ\u00e9e. Le format de 65 capsules garantit toute la qualit\u00e9 Bialetti avec une r\u00e9serve de pur plaisir.<\/p>\n","protected":false},"excerpt":{"rendered":"<p>65 Capsules<br \/>\nM\u00e9lange 20% Arabica 80% Robusta<br \/>\nTorr\u00e9faction moyenne<br \/>\nCapsules compatibles syst\u00e8me Bialetti<br \/>\nLongueur conseill\u00e9e : 40ml<\/p>\n","protected":false},"featured_media":17652,"comment_status":"open","ping_status":"closed","template":"","meta":{"_acf_changed":false},"product_brand":[356],"product_cat":[319,320],"product_tag":[],"product_family":[],"product_group":[],"product_class":[],"product_subgroup":[],"product_index":[],"class_list":{"0":"post-3424","1":"product","2":"type-product","3":"status-publish","4":"has-post-thumbnail","6":"product_brand-gusta","7":"product_cat-bia","8":"product_cat-caf","10":"first","11":"instock","12":"shipping-taxable","13":"product-type-simple"},"acf":[],"_links":{"self":[{"href":"https:\/\/ecommerce.tuttocapsuletools.it\/fr\/wp-json\/wp\/v2\/product\/3424","targetHints":{"allow":["GET"]}}],"collection":[{"href":"https:\/\/ecommerce.tuttocapsuletools.it\/fr\/wp-json\/wp\/v2\/product"}],"about":[{"href":"https:\/\/ecommerce.tuttocapsuletools.it\/fr\/wp-json\/wp\/v2\/types\/product"}],"replies":[{"embeddable":true,"href":"https:\/\/ecommerce.tuttocapsuletools.it\/fr\/wp-json\/wp\/v2\/comments?post=3424"}],"wp:featuredmedia":[{"embeddable":true,"href":"https:\/\/ecommerce.tuttocapsuletools.it\/fr\/wp-json\/wp\/v2\/media\/17652"}],"wp:attachment":[{"href":"https:\/\/ecommerce.tuttocapsuletools.it\/fr\/wp-json\/wp\/v2\/media?parent=3424"}],"wp:term":[{"taxonomy":"product_brand","embeddable":true,"href":"https:\/\/ecommerce.tuttocapsuletools.it\/fr\/wp-json\/wp\/v2\/product_brand?post=3424"},{"taxonomy":"product_cat","embeddable":true,"href":"https:\/\/ecommerce.tuttocapsuletools.it\/fr\/wp-json\/wp\/v2\/product_cat?post=3424"},{"taxonomy":"product_tag","embeddable":true,"href":"https:\/\/ecommerce.tuttocapsuletools.it\/fr\/wp-json\/wp\/v2\/product_tag?post=3424"},{"taxonomy":"product_family","embeddable":true,"href":"https:\/\/ecommerce.tuttocapsuletools.it\/fr\/wp-json\/wp\/v2\/product_family?post=3424"},{"taxonomy":"product_group","embeddable":true,"href":"https:\/\/ecommerce.tuttocapsuletools.it\/fr\/wp-json\/wp\/v2\/product_group?post=3424"},{"taxonomy":"product_class","embeddable":true,"href":"https:\/\/ecommerce.tuttocapsuletools.it\/fr\/wp-json\/wp\/v2\/product_class?post=3424"},{"taxonomy":"product_subgroup","embeddable":true,"href":"https:\/\/ecommerce.tuttocapsuletools.it\/fr\/wp-json\/wp\/v2\/product_subgroup?post=3424"},{"taxonomy":"product_index","embeddable":true,"href":"https:\/\/ecommerce.tuttocapsuletools.it\/fr\/wp-json\/wp\/v2\/product_index?post=3424"}],"curies":[{"name":"wp","href":"https:\/\/api.w.org\/{rel}","templated":true}]}}