{"id":13714,"date":"2026-03-12T17:14:14","date_gmt":"2026-03-12T16:14:14","guid":{"rendered":"https:\/\/ecommerce.tuttocapsuletools.it\/prodotto\/itfammsol066-3\/"},"modified":"2026-04-03T12:16:09","modified_gmt":"2026-04-03T10:16:09","slug":"itfammsol066-3","status":"publish","type":"product","link":"https:\/\/ecommerce.tuttocapsuletools.it\/fr\/prodotto\/itfammsol066-3\/","title":{"rendered":"ITFAMMSOL066"},"content":{"rendered":"<p>L&#8217;ar\u00f4me du caf\u00e9 rencontre la saveur torr\u00e9fi\u00e9e incomparable de la pistache. Une boisson cr\u00e9meuse, originale et vivifiante, parfaite pour ceux qui recherchent une pause gourmande avec une couleur et un go\u00fbt uniques.<\/p>\n","protected":false},"excerpt":{"rendered":"<p>Contient 12 capsules A Modo Mio.<br \/>\nBoisson instantan\u00e9e au caf\u00e9 et \u00e0 la pistache.<br \/>\nCompatible avec les machines A Modo Mio.<br \/>\nDosage recommand\u00e9 : 80 ml.<\/p>\n","protected":false},"featured_media":0,"comment_status":"open","ping_status":"closed","template":"","meta":{"_acf_changed":false},"product_brand":[362],"product_cat":[16,275],"product_tag":[],"product_family":[],"product_group":[],"product_class":[],"product_subgroup":[],"product_index":[],"class_list":{"0":"post-13714","1":"product","2":"type-product","3":"status-publish","5":"product_brand-italfoods","6":"product_cat-senza-categoria","7":"product_cat-non-categorise","9":"first","10":"instock","11":"shipping-taxable","12":"product-type-simple"},"acf":[],"_links":{"self":[{"href":"https:\/\/ecommerce.tuttocapsuletools.it\/fr\/wp-json\/wp\/v2\/product\/13714","targetHints":{"allow":["GET"]}}],"collection":[{"href":"https:\/\/ecommerce.tuttocapsuletools.it\/fr\/wp-json\/wp\/v2\/product"}],"about":[{"href":"https:\/\/ecommerce.tuttocapsuletools.it\/fr\/wp-json\/wp\/v2\/types\/product"}],"replies":[{"embeddable":true,"href":"https:\/\/ecommerce.tuttocapsuletools.it\/fr\/wp-json\/wp\/v2\/comments?post=13714"}],"wp:attachment":[{"href":"https:\/\/ecommerce.tuttocapsuletools.it\/fr\/wp-json\/wp\/v2\/media?parent=13714"}],"wp:term":[{"taxonomy":"product_brand","embeddable":true,"href":"https:\/\/ecommerce.tuttocapsuletools.it\/fr\/wp-json\/wp\/v2\/product_brand?post=13714"},{"taxonomy":"product_cat","embeddable":true,"href":"https:\/\/ecommerce.tuttocapsuletools.it\/fr\/wp-json\/wp\/v2\/product_cat?post=13714"},{"taxonomy":"product_tag","embeddable":true,"href":"https:\/\/ecommerce.tuttocapsuletools.it\/fr\/wp-json\/wp\/v2\/product_tag?post=13714"},{"taxonomy":"product_family","embeddable":true,"href":"https:\/\/ecommerce.tuttocapsuletools.it\/fr\/wp-json\/wp\/v2\/product_family?post=13714"},{"taxonomy":"product_group","embeddable":true,"href":"https:\/\/ecommerce.tuttocapsuletools.it\/fr\/wp-json\/wp\/v2\/product_group?post=13714"},{"taxonomy":"product_class","embeddable":true,"href":"https:\/\/ecommerce.tuttocapsuletools.it\/fr\/wp-json\/wp\/v2\/product_class?post=13714"},{"taxonomy":"product_subgroup","embeddable":true,"href":"https:\/\/ecommerce.tuttocapsuletools.it\/fr\/wp-json\/wp\/v2\/product_subgroup?post=13714"},{"taxonomy":"product_index","embeddable":true,"href":"https:\/\/ecommerce.tuttocapsuletools.it\/fr\/wp-json\/wp\/v2\/product_index?post=13714"}],"curies":[{"name":"wp","href":"https:\/\/api.w.org\/{rel}","templated":true}]}}