{"id":13699,"date":"2026-03-12T17:14:06","date_gmt":"2026-03-12T16:14:06","guid":{"rendered":"https:\/\/ecommerce.tuttocapsuletools.it\/prodotto\/itfammsol060-3\/"},"modified":"2026-04-03T12:16:17","modified_gmt":"2026-04-03T10:16:17","slug":"itfammsol060-3","status":"publish","type":"product","link":"https:\/\/ecommerce.tuttocapsuletools.it\/fr\/prodotto\/itfammsol060-3\/","title":{"rendered":"ITFAMMSOL060"},"content":{"rendered":"<p>Offrez-vous le plaisir d&#8217;un cappuccino parfait directement chez vous. Cette capsule contient l&#8217;\u00e9quilibre id\u00e9al entre un espresso de qualit\u00e9 et une mousse de lait velout\u00e9e. Avec un corps rond et une saveur harmonieuse, chaque gorg\u00e9e lib\u00e8re la douceur du lait qui embrasse les notes d\u00e9cisives du caf\u00e9. C&#8217;est la boisson id\u00e9ale pour commencer la journ\u00e9e du bon pied ou pour s&#8217;accorder une pause gourmande et revigorante, pr\u00eate en quelques instants et avec une texture incroyablement douce.<\/p>\n","protected":false},"excerpt":{"rendered":"<p>Contient 12 capsules A Modo Mio<br \/>\nBoisson soluble au caf\u00e9 et lait<br \/>\nCompatible avec les machines A Modo Mio<br \/>\nLongueur conseill\u00e9e : 90 ml<\/p>\n","protected":false},"featured_media":0,"comment_status":"open","ping_status":"closed","template":"","meta":{"_acf_changed":false},"product_brand":[362],"product_cat":[16,275],"product_tag":[],"product_family":[],"product_group":[],"product_class":[],"product_subgroup":[],"product_index":[],"class_list":{"0":"post-13699","1":"product","2":"type-product","3":"status-publish","5":"product_brand-italfoods","6":"product_cat-senza-categoria","7":"product_cat-non-categorise","9":"first","10":"instock","11":"shipping-taxable","12":"product-type-simple"},"acf":[],"_links":{"self":[{"href":"https:\/\/ecommerce.tuttocapsuletools.it\/fr\/wp-json\/wp\/v2\/product\/13699","targetHints":{"allow":["GET"]}}],"collection":[{"href":"https:\/\/ecommerce.tuttocapsuletools.it\/fr\/wp-json\/wp\/v2\/product"}],"about":[{"href":"https:\/\/ecommerce.tuttocapsuletools.it\/fr\/wp-json\/wp\/v2\/types\/product"}],"replies":[{"embeddable":true,"href":"https:\/\/ecommerce.tuttocapsuletools.it\/fr\/wp-json\/wp\/v2\/comments?post=13699"}],"wp:attachment":[{"href":"https:\/\/ecommerce.tuttocapsuletools.it\/fr\/wp-json\/wp\/v2\/media?parent=13699"}],"wp:term":[{"taxonomy":"product_brand","embeddable":true,"href":"https:\/\/ecommerce.tuttocapsuletools.it\/fr\/wp-json\/wp\/v2\/product_brand?post=13699"},{"taxonomy":"product_cat","embeddable":true,"href":"https:\/\/ecommerce.tuttocapsuletools.it\/fr\/wp-json\/wp\/v2\/product_cat?post=13699"},{"taxonomy":"product_tag","embeddable":true,"href":"https:\/\/ecommerce.tuttocapsuletools.it\/fr\/wp-json\/wp\/v2\/product_tag?post=13699"},{"taxonomy":"product_family","embeddable":true,"href":"https:\/\/ecommerce.tuttocapsuletools.it\/fr\/wp-json\/wp\/v2\/product_family?post=13699"},{"taxonomy":"product_group","embeddable":true,"href":"https:\/\/ecommerce.tuttocapsuletools.it\/fr\/wp-json\/wp\/v2\/product_group?post=13699"},{"taxonomy":"product_class","embeddable":true,"href":"https:\/\/ecommerce.tuttocapsuletools.it\/fr\/wp-json\/wp\/v2\/product_class?post=13699"},{"taxonomy":"product_subgroup","embeddable":true,"href":"https:\/\/ecommerce.tuttocapsuletools.it\/fr\/wp-json\/wp\/v2\/product_subgroup?post=13699"},{"taxonomy":"product_index","embeddable":true,"href":"https:\/\/ecommerce.tuttocapsuletools.it\/fr\/wp-json\/wp\/v2\/product_index?post=13699"}],"curies":[{"name":"wp","href":"https:\/\/api.w.org\/{rel}","templated":true}]}}